{"id":2,"date":"2022-03-17T10:33:10","date_gmt":"2022-03-17T10:33:10","guid":{"rendered":"http:\/\/hicon2web.pt\/?page_id=2"},"modified":"2022-03-17T13:00:18","modified_gmt":"2022-03-17T13:00:18","slug":"orcamento","status":"publish","type":"page","link":"https:\/\/hicon2web.pt\/index.php\/orcamento\/","title":{"rendered":"Pedir Or\u00e7amento"},"content":{"rendered":"\n<h3 class=\"wp-block-heading\">Pre\u00e7os para Cria\u00e7\u00e3o de Sites<\/h3>\n\n\n\n<h5 class=\"wp-block-heading\">WEBSITE + BACK OFFICE + EMAILS + SERVIDOR + SUPORTE<\/h5>\n\n\n\n<hr class=\"wp-block-separator\"\/>\n\n\n\n<h5 class=\"wp-block-heading\">CRIAMOS O SEU WEBSITE MODERNO E APELATIVO, PE\u00c7A AGORA UM OR\u00c7AMENTO<\/h5>\n\n\n<p>[wpforms id=&#8221;771&#8243;]<\/p>\n\n\n\n<p><\/p>\n","protected":false},"excerpt":{"rendered":"<p>Pre\u00e7os para Cria\u00e7\u00e3o de Sites WEBSITE + BACK OFFICE + EMAILS + SERVIDOR + SUPORTE CRIAMOS O SEU WEBSITE MODERNO E APELATIVO, PE\u00c7A AGORA UM OR\u00c7AMENTO<\/p>\n","protected":false},"author":1,"featured_media":0,"parent":0,"menu_order":0,"comment_status":"closed","ping_status":"open","template":"","meta":{"footnotes":""},"blocksy_meta":[],"_links":{"self":[{"href":"https:\/\/hicon2web.pt\/index.php\/wp-json\/wp\/v2\/pages\/2"}],"collection":[{"href":"https:\/\/hicon2web.pt\/index.php\/wp-json\/wp\/v2\/pages"}],"about":[{"href":"https:\/\/hicon2web.pt\/index.php\/wp-json\/wp\/v2\/types\/page"}],"author":[{"embeddable":true,"href":"https:\/\/hicon2web.pt\/index.php\/wp-json\/wp\/v2\/users\/1"}],"replies":[{"embeddable":true,"href":"https:\/\/hicon2web.pt\/index.php\/wp-json\/wp\/v2\/comments?post=2"}],"version-history":[{"count":3,"href":"https:\/\/hicon2web.pt\/index.php\/wp-json\/wp\/v2\/pages\/2\/revisions"}],"predecessor-version":[{"id":776,"href":"https:\/\/hicon2web.pt\/index.php\/wp-json\/wp\/v2\/pages\/2\/revisions\/776"}],"wp:attachment":[{"href":"https:\/\/hicon2web.pt\/index.php\/wp-json\/wp\/v2\/media?parent=2"}],"curies":[{"name":"wp","href":"https:\/\/api.w.org\/{rel}","templated":true}]}}